{"id":190,"date":"2017-11-08T16:22:23","date_gmt":"2017-11-08T14:22:23","guid":{"rendered":"http:\/\/icyform.com\/my-finland\/"},"modified":"2017-11-15T10:18:33","modified_gmt":"2017-11-15T08:18:33","slug":"my-finland","status":"publish","type":"page","link":"https:\/\/icyform.com\/en\/my-finland\/","title":{"rendered":"My Finland"},"content":{"rendered":"","protected":false},"excerpt":{"rendered":"","protected":false},"author":1,"featured_media":0,"parent":0,"menu_order":0,"comment_status":"closed","ping_status":"closed","template":"page_myfinland.php","meta":[],"yoast_head":"<!-- This site is optimized with the Yoast SEO plugin v17.0 - https:\/\/yoast.com\/wordpress\/plugins\/seo\/ -->\n<title>My Finland - Special Champagne glass edition - Finland 100 years - Icy Form Oy<\/title>\n<meta name=\"description\" content=\"Lauri Yl\u00f6nen, Anni Pitk\u00e4j\u00e4rvi, Man Yau and Saana and Olli have designed a special champagne glass edition for Ritzenhoff for Finland&#039;s 100th anniversary.\" \/>\n<meta name=\"robots\" content=\"index, follow, max-snippet:-1, max-image-preview:large, max-video-preview:-1\" \/>\n<link rel=\"canonical\" href=\"https:\/\/icyform.com\/en\/my-finland\/\" \/>\n<meta property=\"og:locale\" content=\"en_US\" \/>\n<meta property=\"og:type\" content=\"article\" \/>\n<meta property=\"og:title\" content=\"My Finland - Special Champagne glass edition - Finland 100 years - Icy Form Oy\" \/>\n<meta property=\"og:description\" content=\"Lauri Yl\u00f6nen, Anni Pitk\u00e4j\u00e4rvi, Man Yau and Saana and Olli have designed a special champagne glass edition for Ritzenhoff for Finland&#039;s 100th anniversary.\" \/>\n<meta property=\"og:url\" content=\"https:\/\/icyform.com\/en\/my-finland\/\" \/>\n<meta property=\"og:site_name\" content=\"Icy Form\" \/>\n<meta property=\"article:publisher\" content=\"https:\/\/www.facebook.com\/Icyform\/\" \/>\n<meta property=\"article:modified_time\" content=\"2017-11-15T08:18:33+00:00\" \/>\n<meta property=\"og:image\" content=\"http:\/\/icyform.com\/wp-content\/uploads\/2017\/11\/1009000_slideshow-1.jpg\" \/>\n<meta name=\"twitter:card\" content=\"summary\" \/>\n<script type=\"application\/ld+json\" class=\"yoast-schema-graph\">{\"@context\":\"https:\/\/schema.org\",\"@graph\":[{\"@type\":\"WebSite\",\"@id\":\"https:\/\/icyform.com\/#website\",\"url\":\"https:\/\/icyform.com\/\",\"name\":\"Icy Form\",\"description\":\"\",\"potentialAction\":[{\"@type\":\"SearchAction\",\"target\":{\"@type\":\"EntryPoint\",\"urlTemplate\":\"https:\/\/icyform.com\/?s={search_term_string}\"},\"query-input\":\"required name=search_term_string\"}],\"inLanguage\":\"en-US\"},{\"@type\":\"ImageObject\",\"@id\":\"https:\/\/icyform.com\/en\/my-finland\/#primaryimage\",\"inLanguage\":\"en-US\",\"url\":\"\",\"contentUrl\":\"\"},{\"@type\":\"WebPage\",\"@id\":\"https:\/\/icyform.com\/en\/my-finland\/#webpage\",\"url\":\"https:\/\/icyform.com\/en\/my-finland\/\",\"name\":\"My Finland - Special Champagne glass edition - Finland 100 years - Icy Form Oy\",\"isPartOf\":{\"@id\":\"https:\/\/icyform.com\/#website\"},\"datePublished\":\"2017-11-08T14:22:23+00:00\",\"dateModified\":\"2017-11-15T08:18:33+00:00\",\"description\":\"Lauri Yl\\u00f6nen, Anni Pitk\\u00e4j\\u00e4rvi, Man Yau and Saana and Olli have designed a special champagne glass edition for Ritzenhoff for Finland's 100th anniversary.\",\"breadcrumb\":{\"@id\":\"https:\/\/icyform.com\/en\/my-finland\/#breadcrumb\"},\"inLanguage\":\"en-US\",\"potentialAction\":[{\"@type\":\"ReadAction\",\"target\":[\"https:\/\/icyform.com\/en\/my-finland\/\"]}]},{\"@type\":\"BreadcrumbList\",\"@id\":\"https:\/\/icyform.com\/en\/my-finland\/#breadcrumb\",\"itemListElement\":[{\"@type\":\"ListItem\",\"position\":1,\"name\":\"Home\",\"item\":\"https:\/\/icyform.com\/en\/\"},{\"@type\":\"ListItem\",\"position\":2,\"name\":\"My Finland\"}]}]}<\/script>\n<!-- \/ Yoast SEO plugin. -->","yoast_head_json":{"title":"My Finland - Special Champagne glass edition - Finland 100 years - Icy Form Oy","description":"Lauri Yl\u00f6nen, Anni Pitk\u00e4j\u00e4rvi, Man Yau and Saana and Olli have designed a special champagne glass edition for Ritzenhoff for Finland's 100th anniversary.","robots":{"index":"index","follow":"follow","max-snippet":"max-snippet:-1","max-image-preview":"max-image-preview:large","max-video-preview":"max-video-preview:-1"},"canonical":"https:\/\/icyform.com\/en\/my-finland\/","og_locale":"en_US","og_type":"article","og_title":"My Finland - Special Champagne glass edition - Finland 100 years - Icy Form Oy","og_description":"Lauri Yl\u00f6nen, Anni Pitk\u00e4j\u00e4rvi, Man Yau and Saana and Olli have designed a special champagne glass edition for Ritzenhoff for Finland's 100th anniversary.","og_url":"https:\/\/icyform.com\/en\/my-finland\/","og_site_name":"Icy Form","article_publisher":"https:\/\/www.facebook.com\/Icyform\/","article_modified_time":"2017-11-15T08:18:33+00:00","og_image":[{"url":"http:\/\/icyform.com\/wp-content\/uploads\/2017\/11\/1009000_slideshow-1.jpg"}],"twitter_card":"summary","schema":{"@context":"https:\/\/schema.org","@graph":[{"@type":"WebSite","@id":"https:\/\/icyform.com\/#website","url":"https:\/\/icyform.com\/","name":"Icy Form","description":"","potentialAction":[{"@type":"SearchAction","target":{"@type":"EntryPoint","urlTemplate":"https:\/\/icyform.com\/?s={search_term_string}"},"query-input":"required name=search_term_string"}],"inLanguage":"en-US"},{"@type":"ImageObject","@id":"https:\/\/icyform.com\/en\/my-finland\/#primaryimage","inLanguage":"en-US","url":"","contentUrl":""},{"@type":"WebPage","@id":"https:\/\/icyform.com\/en\/my-finland\/#webpage","url":"https:\/\/icyform.com\/en\/my-finland\/","name":"My Finland - Special Champagne glass edition - Finland 100 years - Icy Form Oy","isPartOf":{"@id":"https:\/\/icyform.com\/#website"},"datePublished":"2017-11-08T14:22:23+00:00","dateModified":"2017-11-15T08:18:33+00:00","description":"Lauri Yl\u00f6nen, Anni Pitk\u00e4j\u00e4rvi, Man Yau and Saana and Olli have designed a special champagne glass edition for Ritzenhoff for Finland's 100th anniversary.","breadcrumb":{"@id":"https:\/\/icyform.com\/en\/my-finland\/#breadcrumb"},"inLanguage":"en-US","potentialAction":[{"@type":"ReadAction","target":["https:\/\/icyform.com\/en\/my-finland\/"]}]},{"@type":"BreadcrumbList","@id":"https:\/\/icyform.com\/en\/my-finland\/#breadcrumb","itemListElement":[{"@type":"ListItem","position":1,"name":"Home","item":"https:\/\/icyform.com\/en\/"},{"@type":"ListItem","position":2,"name":"My Finland"}]}]}},"_links":{"self":[{"href":"https:\/\/icyform.com\/en\/wp-json\/wp\/v2\/pages\/190"}],"collection":[{"href":"https:\/\/icyform.com\/en\/wp-json\/wp\/v2\/pages"}],"about":[{"href":"https:\/\/icyform.com\/en\/wp-json\/wp\/v2\/types\/page"}],"author":[{"embeddable":true,"href":"https:\/\/icyform.com\/en\/wp-json\/wp\/v2\/users\/1"}],"replies":[{"embeddable":true,"href":"https:\/\/icyform.com\/en\/wp-json\/wp\/v2\/comments?post=190"}],"version-history":[{"count":11,"href":"https:\/\/icyform.com\/en\/wp-json\/wp\/v2\/pages\/190\/revisions"}],"predecessor-version":[{"id":736,"href":"https:\/\/icyform.com\/en\/wp-json\/wp\/v2\/pages\/190\/revisions\/736"}],"wp:attachment":[{"href":"https:\/\/icyform.com\/en\/wp-json\/wp\/v2\/media?parent=190"}],"curies":[{"name":"wp","href":"https:\/\/api.w.org\/{rel}","templated":true}]}}